{"id":2,"date":"2024-03-04T22:36:28","date_gmt":"2024-03-04T21:36:28","guid":{"rendered":"http:\/\/implicatecre.es\/?page_id=2"},"modified":"2024-05-17T14:13:00","modified_gmt":"2024-05-17T12:13:00","slug":"pagina-ejemplo","status":"publish","type":"page","link":"https:\/\/implicatecre.es\/","title":{"rendered":"P\u00e1gina de ejemplo"},"content":{"rendered":"\t\t<div data-elementor-type=\"wp-page\" data-elementor-id=\"2\" class=\"elementor elementor-2\">\n\t\t\t\t<div class=\"elementor-element elementor-element-b1ca0c3 e-con-full e-flex e-con e-parent\" data-id=\"b1ca0c3\" data-element_type=\"container\" data-settings=\"{&quot;background_background&quot;:&quot;classic&quot;}\" data-core-v316-plus=\"true\">\n\t\t\t\t<\/div>\n\t\t<div class=\"elementor-element elementor-element-3b7317b0 e-flex e-con-boxed e-con e-parent\" data-id=\"3b7317b0\" data-element_type=\"container\" data-core-v316-plus=\"true\">\n\t\t\t\t\t<div class=\"e-con-inner\">\n\t\t\t\t<div class=\"elementor-element elementor-element-13e7ae91 elementor-widget elementor-widget-heading\" data-id=\"13e7ae91\" data-element_type=\"widget\" data-widget_type=\"heading.default\">\n\t\t\t\t<div class=\"elementor-widget-container\">\n\t\t\t<style>\/*! elementor - v3.20.0 - 13-03-2024 *\/\n.elementor-heading-title{padding:0;margin:0;line-height:1}.elementor-widget-heading .elementor-heading-title[class*=elementor-size-]>a{color:inherit;font-size:inherit;line-height:inherit}.elementor-widget-heading .elementor-heading-title.elementor-size-small{font-size:15px}.elementor-widget-heading .elementor-heading-title.elementor-size-medium{font-size:19px}.elementor-widget-heading .elementor-heading-title.elementor-size-large{font-size:29px}.elementor-widget-heading .elementor-heading-title.elementor-size-xl{font-size:39px}.elementor-widget-heading .elementor-heading-title.elementor-size-xxl{font-size:59px}<\/style><h2 class=\"elementor-heading-title elementor-size-default\">Conoce el camino que hemos recorrido en la elaboraci\u00f3n de este Protocolo en Cruz Roja:<\/h2>\t\t<\/div>\n\t\t\t\t<\/div>\n\t\t\t\t\t<\/div>\n\t\t\t\t<\/div>\n\t\t<div class=\"elementor-element elementor-element-e278fd9 e-flex e-con-boxed e-con e-parent\" data-id=\"e278fd9\" data-element_type=\"container\" data-core-v316-plus=\"true\">\n\t\t\t\t\t<div class=\"e-con-inner\">\n\t\t<div class=\"elementor-element elementor-element-cf73a4f e-con-full e-flex e-con e-child\" data-id=\"cf73a4f\" data-element_type=\"container\" data-settings=\"{&quot;background_background&quot;:&quot;classic&quot;}\">\n\t\t\t\t<div class=\"elementor-element elementor-element-8dd47f5 elementor-widget elementor-widget-image\" data-id=\"8dd47f5\" data-element_type=\"widget\" data-widget_type=\"image.default\">\n\t\t\t\t<div class=\"elementor-widget-container\">\n\t\t\t<style>\/*! elementor - v3.20.0 - 13-03-2024 *\/\n.elementor-widget-image{text-align:center}.elementor-widget-image a{display:inline-block}.elementor-widget-image a img[src$=\".svg\"]{width:48px}.elementor-widget-image img{vertical-align:middle;display:inline-block}<\/style>\t\t\t\t\t\t\t\t\t\t<img fetchpriority=\"high\" decoding=\"async\" width=\"600\" height=\"400\" src=\"https:\/\/implicatecre.es\/wp-content\/uploads\/2024\/04\/Untitled-design.png\" class=\"attachment-full size-full wp-image-219\" alt=\"\" srcset=\"https:\/\/implicatecre.es\/wp-content\/uploads\/2024\/04\/Untitled-design.png 600w, https:\/\/implicatecre.es\/wp-content\/uploads\/2024\/04\/Untitled-design-300x200.png 300w\" sizes=\"(max-width: 600px) 100vw, 600px\" \/>\t\t\t\t\t\t\t\t\t\t\t\t\t<\/div>\n\t\t\t\t<\/div>\n\t\t\t\t<div class=\"elementor-element elementor-element-478bccc2 elementor-widget elementor-widget-heading\" data-id=\"478bccc2\" data-element_type=\"widget\" data-widget_type=\"heading.default\">\n\t\t\t\t<div class=\"elementor-widget-container\">\n\t\t\t<h3 class=\"elementor-heading-title elementor-size-default\">Laboratorio para la creaci\u00f3n de un esquema general del Protocolo<\/h3>\t\t<\/div>\n\t\t\t\t<\/div>\n\t\t\t\t<\/div>\n\t\t<div class=\"elementor-element elementor-element-b2d3a20 e-con-full e-flex e-con e-child\" data-id=\"b2d3a20\" data-element_type=\"container\">\n\t\t\t\t<div class=\"elementor-element elementor-element-73e0fb3 elementor-widget elementor-widget-image\" data-id=\"73e0fb3\" data-element_type=\"widget\" data-widget_type=\"image.default\">\n\t\t\t\t<div class=\"elementor-widget-container\">\n\t\t\t\t\t\t\t\t\t\t\t\t\t<img decoding=\"async\" width=\"600\" height=\"400\" src=\"https:\/\/implicatecre.es\/wp-content\/uploads\/2024\/03\/acta-vis.png\" class=\"attachment-full size-full wp-image-93\" alt=\"\" srcset=\"https:\/\/implicatecre.es\/wp-content\/uploads\/2024\/03\/acta-vis.png 600w, https:\/\/implicatecre.es\/wp-content\/uploads\/2024\/03\/acta-vis-300x200.png 300w\" sizes=\"(max-width: 600px) 100vw, 600px\" \/>\t\t\t\t\t\t\t\t\t\t\t\t\t<\/div>\n\t\t\t\t<\/div>\n\t\t\t\t<div class=\"elementor-element elementor-element-0e3e439 elementor-align-center elementor-widget elementor-widget-button\" data-id=\"0e3e439\" data-element_type=\"widget\" data-widget_type=\"button.default\">\n\t\t\t\t<div class=\"elementor-widget-container\">\n\t\t\t\t\t<div class=\"elementor-button-wrapper\">\n\t\t\t<a class=\"elementor-button elementor-button-link elementor-size-sm\" href=\"https:\/\/implicatecre.es\/wp-content\/uploads\/2024\/04\/Protocolo_Violencias_CRE_v5-1.png\" target=\"_blank\">\n\t\t\t\t\t\t<span class=\"elementor-button-content-wrapper\">\n\t\t\t\t\t\t<span class=\"elementor-button-text\">MIRA EL ACTA VISUAL DEL LABORATORIO<\/span>\n\t\t<\/span>\n\t\t\t\t\t<\/a>\n\t\t<\/div>\n\t\t\t\t<\/div>\n\t\t\t\t<\/div>\n\t\t\t\t<\/div>\n\t\t\t\t\t<\/div>\n\t\t\t\t<\/div>\n\t\t<div class=\"elementor-element elementor-element-1242ca9 e-flex e-con-boxed e-con e-parent\" data-id=\"1242ca9\" data-element_type=\"container\" data-core-v316-plus=\"true\">\n\t\t\t\t\t<div class=\"e-con-inner\">\n\t\t<div class=\"elementor-element elementor-element-5e4aa06 e-con-full e-flex e-con e-child\" data-id=\"5e4aa06\" data-element_type=\"container\">\n\t\t\t\t<div class=\"elementor-element elementor-element-afed47c elementor-widget elementor-widget-image\" data-id=\"afed47c\" data-element_type=\"widget\" data-widget_type=\"image.default\">\n\t\t\t\t<div class=\"elementor-widget-container\">\n\t\t\t\t\t\t\t\t\t\t\t\t\t<img decoding=\"async\" width=\"600\" height=\"400\" src=\"https:\/\/implicatecre.es\/wp-content\/uploads\/2024\/03\/Infografia-Act.png\" class=\"attachment-full size-full wp-image-107\" alt=\"\" srcset=\"https:\/\/implicatecre.es\/wp-content\/uploads\/2024\/03\/Infografia-Act.png 600w, https:\/\/implicatecre.es\/wp-content\/uploads\/2024\/03\/Infografia-Act-300x200.png 300w\" sizes=\"(max-width: 600px) 100vw, 600px\" \/>\t\t\t\t\t\t\t\t\t\t\t\t\t<\/div>\n\t\t\t\t<\/div>\n\t\t\t\t<div class=\"elementor-element elementor-element-1f33c3d elementor-align-center elementor-widget elementor-widget-button\" data-id=\"1f33c3d\" data-element_type=\"widget\" data-widget_type=\"button.default\">\n\t\t\t\t<div class=\"elementor-widget-container\">\n\t\t\t\t\t<div class=\"elementor-button-wrapper\">\n\t\t\t<a class=\"elementor-button elementor-button-link elementor-size-sm\" href=\"https:\/\/implicatecre.es\/wp-content\/uploads\/2024\/05\/Acta_Proceso_Elaboracion_Protocolo_VVG_compressed.pdf\" target=\"_blank\">\n\t\t\t\t\t\t<span class=\"elementor-button-content-wrapper\">\n\t\t\t\t\t\t<span class=\"elementor-button-text\">MIRA LA INFOGRAF\u00cdA DE TODAS LAS ACTIVIDADES DEL 2022\/2023<\/span>\n\t\t<\/span>\n\t\t\t\t\t<\/a>\n\t\t<\/div>\n\t\t\t\t<\/div>\n\t\t\t\t<\/div>\n\t\t\t\t<\/div>\n\t\t<div class=\"elementor-element elementor-element-2895ef3 e-con-full e-flex e-con e-child\" data-id=\"2895ef3\" data-element_type=\"container\" data-settings=\"{&quot;background_background&quot;:&quot;classic&quot;}\">\n\t\t\t\t<div class=\"elementor-element elementor-element-c4d5447 elementor-widget elementor-widget-image\" data-id=\"c4d5447\" data-element_type=\"widget\" data-widget_type=\"image.default\">\n\t\t\t\t<div class=\"elementor-widget-container\">\n\t\t\t\t\t\t\t\t\t\t\t\t\t<img loading=\"lazy\" decoding=\"async\" width=\"600\" height=\"400\" src=\"https:\/\/implicatecre.es\/wp-content\/uploads\/2024\/04\/Img2.png\" class=\"attachment-large size-large wp-image-194\" alt=\"\" srcset=\"https:\/\/implicatecre.es\/wp-content\/uploads\/2024\/04\/Img2.png 600w, https:\/\/implicatecre.es\/wp-content\/uploads\/2024\/04\/Img2-300x200.png 300w\" sizes=\"(max-width: 600px) 100vw, 600px\" \/>\t\t\t\t\t\t\t\t\t\t\t\t\t<\/div>\n\t\t\t\t<\/div>\n\t\t\t\t<\/div>\n\t\t\t\t\t<\/div>\n\t\t\t\t<\/div>\n\t\t<div class=\"elementor-element elementor-element-ef8ccb5 e-flex e-con-boxed e-con e-parent\" data-id=\"ef8ccb5\" data-element_type=\"container\" data-core-v316-plus=\"true\">\n\t\t\t\t\t<div class=\"e-con-inner\">\n\t\t<div class=\"elementor-element elementor-element-22e6be1 e-con-full e-flex e-con e-child\" data-id=\"22e6be1\" data-element_type=\"container\" data-settings=\"{&quot;background_background&quot;:&quot;classic&quot;}\">\n\t\t\t\t<div class=\"elementor-element elementor-element-79940f6 elementor-widget elementor-widget-image\" data-id=\"79940f6\" data-element_type=\"widget\" data-widget_type=\"image.default\">\n\t\t\t\t<div class=\"elementor-widget-container\">\n\t\t\t\t\t\t\t\t\t\t\t\t\t<img loading=\"lazy\" decoding=\"async\" width=\"600\" height=\"400\" src=\"https:\/\/implicatecre.es\/wp-content\/uploads\/2024\/04\/Img3.png\" class=\"attachment-full size-full wp-image-195\" alt=\"\" srcset=\"https:\/\/implicatecre.es\/wp-content\/uploads\/2024\/04\/Img3.png 600w, https:\/\/implicatecre.es\/wp-content\/uploads\/2024\/04\/Img3-300x200.png 300w\" sizes=\"(max-width: 600px) 100vw, 600px\" \/>\t\t\t\t\t\t\t\t\t\t\t\t\t<\/div>\n\t\t\t\t<\/div>\n\t\t\t\t<\/div>\n\t\t<div class=\"elementor-element elementor-element-c855999 e-con-full e-flex e-con e-child\" data-id=\"c855999\" data-element_type=\"container\">\n\t\t\t\t<div class=\"elementor-element elementor-element-893e2c7 elementor-widget elementor-widget-image\" data-id=\"893e2c7\" data-element_type=\"widget\" data-widget_type=\"image.default\">\n\t\t\t\t<div class=\"elementor-widget-container\">\n\t\t\t\t\t\t\t\t\t\t\t\t\t<img loading=\"lazy\" decoding=\"async\" width=\"600\" height=\"400\" src=\"https:\/\/implicatecre.es\/wp-content\/uploads\/2024\/03\/Video-Resumen-1.png\" class=\"attachment-full size-full wp-image-108\" alt=\"\" srcset=\"https:\/\/implicatecre.es\/wp-content\/uploads\/2024\/03\/Video-Resumen-1.png 600w, https:\/\/implicatecre.es\/wp-content\/uploads\/2024\/03\/Video-Resumen-1-300x200.png 300w\" sizes=\"(max-width: 600px) 100vw, 600px\" \/>\t\t\t\t\t\t\t\t\t\t\t\t\t<\/div>\n\t\t\t\t<\/div>\n\t\t\t\t<div class=\"elementor-element elementor-element-7e9eac4 elementor-align-center elementor-widget elementor-widget-button\" data-id=\"7e9eac4\" data-element_type=\"widget\" data-widget_type=\"button.default\">\n\t\t\t\t<div class=\"elementor-widget-container\">\n\t\t\t\t\t<div class=\"elementor-button-wrapper\">\n\t\t\t<a class=\"elementor-button elementor-button-link elementor-size-sm\" href=\"https:\/\/drive.google.com\/file\/d\/10dgNCe0uESNkJvA7YKlMXqvLbUBVqL9t\/view?usp=sharing\" target=\"_blank\">\n\t\t\t\t\t\t<span class=\"elementor-button-content-wrapper\">\n\t\t\t\t\t\t<span class=\"elementor-button-text\">MIRA EL V\u00cdDEO RESUMEN DE TODO EL PROCESO<\/span>\n\t\t<\/span>\n\t\t\t\t\t<\/a>\n\t\t<\/div>\n\t\t\t\t<\/div>\n\t\t\t\t<\/div>\n\t\t\t\t<\/div>\n\t\t\t\t\t<\/div>\n\t\t\t\t<\/div>\n\t\t<div class=\"elementor-element elementor-element-9222a6e e-flex e-con-boxed e-con e-parent\" data-id=\"9222a6e\" data-element_type=\"container\" data-core-v316-plus=\"true\">\n\t\t\t\t\t<div class=\"e-con-inner\">\n\t\t\t\t<div class=\"elementor-element elementor-element-5c49efd elementor-widget elementor-widget-image\" data-id=\"5c49efd\" data-element_type=\"widget\" data-widget_type=\"image.default\">\n\t\t\t\t<div class=\"elementor-widget-container\">\n\t\t\t\t\t\t\t\t\t\t\t\t\t<img loading=\"lazy\" decoding=\"async\" width=\"1200\" height=\"400\" src=\"https:\/\/implicatecre.es\/wp-content\/uploads\/2024\/04\/Img4.png\" class=\"attachment-full size-full wp-image-197\" alt=\"\" srcset=\"https:\/\/implicatecre.es\/wp-content\/uploads\/2024\/04\/Img4.png 1200w, https:\/\/implicatecre.es\/wp-content\/uploads\/2024\/04\/Img4-300x100.png 300w, https:\/\/implicatecre.es\/wp-content\/uploads\/2024\/04\/Img4-1024x341.png 1024w, https:\/\/implicatecre.es\/wp-content\/uploads\/2024\/04\/Img4-768x256.png 768w\" sizes=\"(max-width: 1200px) 100vw, 1200px\" \/>\t\t\t\t\t\t\t\t\t\t\t\t\t<\/div>\n\t\t\t\t<\/div>\n\t\t\t\t\t<\/div>\n\t\t\t\t<\/div>\n\t\t<div class=\"elementor-element elementor-element-cc75e5f e-flex e-con-boxed e-con e-parent\" data-id=\"cc75e5f\" data-element_type=\"container\" data-core-v316-plus=\"true\">\n\t\t\t\t\t<div class=\"e-con-inner\">\n\t\t<div class=\"elementor-element elementor-element-86a60db e-con-full e-flex e-con e-child\" data-id=\"86a60db\" data-element_type=\"container\">\n\t\t\t\t<div class=\"elementor-element elementor-element-6ce8aa7 elementor-widget elementor-widget-image\" data-id=\"6ce8aa7\" data-element_type=\"widget\" data-widget_type=\"image.default\">\n\t\t\t\t<div class=\"elementor-widget-container\">\n\t\t\t\t\t\t\t\t\t\t\t\t\t<img loading=\"lazy\" decoding=\"async\" width=\"600\" height=\"400\" src=\"https:\/\/implicatecre.es\/wp-content\/uploads\/2024\/03\/Borrador-Documento.png\" class=\"attachment-full size-full wp-image-109\" alt=\"\" srcset=\"https:\/\/implicatecre.es\/wp-content\/uploads\/2024\/03\/Borrador-Documento.png 600w, https:\/\/implicatecre.es\/wp-content\/uploads\/2024\/03\/Borrador-Documento-300x200.png 300w\" sizes=\"(max-width: 600px) 100vw, 600px\" \/>\t\t\t\t\t\t\t\t\t\t\t\t\t<\/div>\n\t\t\t\t<\/div>\n\t\t\t\t<div class=\"elementor-element elementor-element-4c60554 elementor-align-center elementor-widget elementor-widget-button\" data-id=\"4c60554\" data-element_type=\"widget\" data-widget_type=\"button.default\">\n\t\t\t\t<div class=\"elementor-widget-container\">\n\t\t\t\t\t<div class=\"elementor-button-wrapper\">\n\t\t\t<a class=\"elementor-button elementor-button-link elementor-size-sm\" href=\"https:\/\/implicatecre.es\/wp-content\/uploads\/2024\/04\/Infografia-Protocolo-Interno-de-Actuacion-en-materia-de-Violencia-contra-las-Mujeres-Cruz-Roja.pdf\" target=\"_blank\">\n\t\t\t\t\t\t<span class=\"elementor-button-content-wrapper\">\n\t\t\t\t\t\t<span class=\"elementor-button-text\">DESC\u00c1RGATE AQU\u00cd LA INFOGRAF\u00cdA - RESUMEN<\/span>\n\t\t<\/span>\n\t\t\t\t\t<\/a>\n\t\t<\/div>\n\t\t\t\t<\/div>\n\t\t\t\t<\/div>\n\t\t\t\t<div class=\"elementor-element elementor-element-9d82457 elementor-align-center elementor-widget elementor-widget-button\" data-id=\"9d82457\" data-element_type=\"widget\" data-widget_type=\"button.default\">\n\t\t\t\t<div class=\"elementor-widget-container\">\n\t\t\t\t\t<div class=\"elementor-button-wrapper\">\n\t\t\t<a class=\"elementor-button elementor-button-link elementor-size-sm\" href=\"#\">\n\t\t\t\t\t\t<span class=\"elementor-button-content-wrapper\">\n\t\t\t\t\t\t<span class=\"elementor-button-text\">DESCARGA EL BORRADOR DEL DOCUMENTO \u00a1\u00a1Proximamente!!<\/span>\n\t\t<\/span>\n\t\t\t\t\t<\/a>\n\t\t<\/div>\n\t\t\t\t<\/div>\n\t\t\t\t<\/div>\n\t\t\t\t<\/div>\n\t\t<div class=\"elementor-element elementor-element-996c40c e-con-full e-flex e-con e-child\" data-id=\"996c40c\" data-element_type=\"container\" data-settings=\"{&quot;background_background&quot;:&quot;classic&quot;}\">\n\t\t\t\t<div class=\"elementor-element elementor-element-8a4182a elementor-widget elementor-widget-image\" data-id=\"8a4182a\" data-element_type=\"widget\" data-widget_type=\"image.default\">\n\t\t\t\t<div class=\"elementor-widget-container\">\n\t\t\t\t\t\t\t\t\t\t\t\t\t<img loading=\"lazy\" decoding=\"async\" width=\"600\" height=\"400\" src=\"https:\/\/implicatecre.es\/wp-content\/uploads\/2024\/04\/Usted-esta-aqui.png\" class=\"attachment-full size-full wp-image-229\" alt=\"\" srcset=\"https:\/\/implicatecre.es\/wp-content\/uploads\/2024\/04\/Usted-esta-aqui.png 600w, https:\/\/implicatecre.es\/wp-content\/uploads\/2024\/04\/Usted-esta-aqui-300x200.png 300w\" sizes=\"(max-width: 600px) 100vw, 600px\" \/>\t\t\t\t\t\t\t\t\t\t\t\t\t<\/div>\n\t\t\t\t<\/div>\n\t\t\t\t<\/div>\n\t\t\t\t\t<\/div>\n\t\t\t\t<\/div>\n\t\t<div class=\"elementor-element elementor-element-f66f4e9 e-con-full e-flex e-con e-parent\" data-id=\"f66f4e9\" data-element_type=\"container\" data-settings=\"{&quot;background_background&quot;:&quot;classic&quot;}\" data-core-v316-plus=\"true\">\n\t\t\t\t<\/div>\n\t\t\t\t<\/div>\n\t\t","protected":false},"excerpt":{"rendered":"<p>Conoce el camino que hemos recorrido en la elaboraci\u00f3n de este Protocolo en Cruz Roja: Laboratorio para la creaci\u00f3n de un esquema general del Protocolo MIRA EL ACTA VISUAL DEL LABORATORIO MIRA LA INFOGRAF\u00cdA DE TODAS LAS ACTIVIDADES DEL 2022\/2023 MIRA EL V\u00cdDEO RESUMEN DE TODO EL PROCESO DESC\u00c1RGATE AQU\u00cd LA INFOGRAF\u00cdA &#8211; RESUMEN DESCARGA [&hellip;]<\/p>\n","protected":false},"author":1,"featured_media":0,"parent":0,"menu_order":0,"comment_status":"closed","ping_status":"open","template":"","meta":{"footnotes":""},"_links":{"self":[{"href":"https:\/\/implicatecre.es\/index.php?rest_route=\/wp\/v2\/pages\/2"}],"collection":[{"href":"https:\/\/implicatecre.es\/index.php?rest_route=\/wp\/v2\/pages"}],"about":[{"href":"https:\/\/implicatecre.es\/index.php?rest_route=\/wp\/v2\/types\/page"}],"author":[{"embeddable":true,"href":"https:\/\/implicatecre.es\/index.php?rest_route=\/wp\/v2\/users\/1"}],"replies":[{"embeddable":true,"href":"https:\/\/implicatecre.es\/index.php?rest_route=%2Fwp%2Fv2%2Fcomments&post=2"}],"version-history":[{"count":123,"href":"https:\/\/implicatecre.es\/index.php?rest_route=\/wp\/v2\/pages\/2\/revisions"}],"predecessor-version":[{"id":237,"href":"https:\/\/implicatecre.es\/index.php?rest_route=\/wp\/v2\/pages\/2\/revisions\/237"}],"wp:attachment":[{"href":"https:\/\/implicatecre.es\/index.php?rest_route=%2Fwp%2Fv2%2Fmedia&parent=2"}],"curies":[{"name":"wp","href":"https:\/\/api.w.org\/{rel}","templated":true}]}}